{"id":81,"date":"2026-04-11T02:52:10","date_gmt":"2026-04-11T02:52:10","guid":{"rendered":"https:\/\/lrc150.ca\/?page_id=81"},"modified":"2026-04-11T02:52:10","modified_gmt":"2026-04-11T02:52:10","slug":"plaque-dimmatriculation-pour-veterans","status":"publish","type":"page","link":"https:\/\/lrc150.ca\/index.php\/plaque-dimmatriculation-pour-veterans\/","title":{"rendered":"Plaque d&#8217;immatriculation pour v\u00e9t\u00e9rans"},"content":{"rendered":"<p>La plaque v\u00e9t\u00e9ran permet aux anciens combattants d&#8217;identifier leurs v\u00e9hicules et ainsi pouvoir utiliser les stationnements pr\u00e9vus pour eux en plus de pouvoir d\u00e9montrer le service r\u00e9alis\u00e9 pour le Canada.<\/p>\n<p><img loading=\"lazy\" decoding=\"async\" src=\"http:\/\/lrc150.ca\/wp-content\/uploads\/2026\/04\/123-abc-veterans-presentation.png\" alt=\"\" width=\"250\" height=\"125\" class=\"alignnone size-full wp-image-82\" \/><\/p>\n<p>Pour avoir droit \u00e0 se procurer une plaque, les v\u00e9t\u00e9rans doivent r\u00e9pondre \u00e0 ces crit\u00e8res :<br \/>\n-Avoir servi en temps de guerre<br \/>\n-Avoir servi ou sert actuellement au sein des Forces arm\u00e9es canadiennes en temps que membre de la force r\u00e9guli\u00e8re ou de r\u00e9serve<br \/>\n-Avoir servi au sein de l&#8217;OTAN ou dans une mission de maintien de la paix des Nations unies<br \/>\n-Avoir servi ou sert actuellement au sein de la GRC<\/p>\n<p>La demande doit \u00eatre faite directement aupr\u00e8s de la <a href=\"https:\/\/qc.legion.ca\/plaque-immatriculation\/\">L\u00e9gion royale canadienne &#8211; Direction provinciale du Qu\u00e9bec<\/a>. <\/p>\n","protected":false},"excerpt":{"rendered":"<p>La plaque v\u00e9t\u00e9ran permet aux anciens combattants d&#8217;identifier leurs v\u00e9hicules et ainsi pouvoir utiliser les stationnements pr\u00e9vus pour eux en plus de pouvoir d\u00e9montrer le service r\u00e9alis\u00e9 pour le Canada. Pour avoir droit \u00e0 se procurer une plaque, les v\u00e9t\u00e9rans doivent r\u00e9pondre \u00e0 ces crit\u00e8res : -Avoir servi en temps de guerre -Avoir servi ou [&hellip;]<\/p>\n","protected":false},"author":1,"featured_media":0,"parent":0,"menu_order":0,"comment_status":"closed","ping_status":"closed","template":"","meta":{"footnotes":""},"class_list":["post-81","page","type-page","status-publish","hentry","post"],"_links":{"self":[{"href":"https:\/\/lrc150.ca\/index.php\/wp-json\/wp\/v2\/pages\/81","targetHints":{"allow":["GET"]}}],"collection":[{"href":"https:\/\/lrc150.ca\/index.php\/wp-json\/wp\/v2\/pages"}],"about":[{"href":"https:\/\/lrc150.ca\/index.php\/wp-json\/wp\/v2\/types\/page"}],"author":[{"embeddable":true,"href":"https:\/\/lrc150.ca\/index.php\/wp-json\/wp\/v2\/users\/1"}],"replies":[{"embeddable":true,"href":"https:\/\/lrc150.ca\/index.php\/wp-json\/wp\/v2\/comments?post=81"}],"version-history":[{"count":3,"href":"https:\/\/lrc150.ca\/index.php\/wp-json\/wp\/v2\/pages\/81\/revisions"}],"predecessor-version":[{"id":85,"href":"https:\/\/lrc150.ca\/index.php\/wp-json\/wp\/v2\/pages\/81\/revisions\/85"}],"wp:attachment":[{"href":"https:\/\/lrc150.ca\/index.php\/wp-json\/wp\/v2\/media?parent=81"}],"curies":[{"name":"wp","href":"https:\/\/api.w.org\/{rel}","templated":true}]}}