{"id":52,"date":"2025-12-07T23:06:40","date_gmt":"2025-12-07T23:06:40","guid":{"rendered":"https:\/\/lrc150.ca\/?page_id=52"},"modified":"2025-12-08T03:18:38","modified_gmt":"2025-12-08T03:18:38","slug":"projet-de-lot-et-de-monument","status":"publish","type":"page","link":"https:\/\/lrc150.ca\/index.php\/projet-de-lot-et-de-monument\/","title":{"rendered":"Projet de lot et de monument"},"content":{"rendered":"\n<p>Notre projet de monument et de lieu de s\u00e9pulture pour v\u00e9t\u00e9rans se poursuit \u00e0 la filiale 150 Bernatchez de la L\u00e9gion royale canadienne \u00e0 Montmagny. <\/p>\n\n\n\n<p>Voici ce \u00e0 quoi ressemblera le monument qui sera install\u00e9 sur le lot.<\/p>\n\n\n\n<figure class=\"wp-block-image size-large\"><img loading=\"lazy\" decoding=\"async\" width=\"1024\" height=\"760\" src=\"https:\/\/lrc150.ca\/wp-content\/uploads\/2025\/12\/Image1-1024x760.jpg\" alt=\"\" class=\"wp-image-54\" srcset=\"https:\/\/lrc150.ca\/wp-content\/uploads\/2025\/12\/Image1-1024x760.jpg 1024w, https:\/\/lrc150.ca\/wp-content\/uploads\/2025\/12\/Image1-300x223.jpg 300w, https:\/\/lrc150.ca\/wp-content\/uploads\/2025\/12\/Image1-768x570.jpg 768w, https:\/\/lrc150.ca\/wp-content\/uploads\/2025\/12\/Image1-1536x1141.jpg 1536w, https:\/\/lrc150.ca\/wp-content\/uploads\/2025\/12\/Image1.jpg 1803w\" sizes=\"auto, (max-width: 1024px) 100vw, 1024px\" \/><\/figure>\n\n\n\n<p>Pour en savoir plus concernant la suite projet et la campagne financement \u00e0 venir, voici l&#8217;intervention de Camarade Constant Rosa, principal instigateur du projet, ainsi que le Camarade Andr\u00e9 Boulet. <a href=\"https:\/\/youtu.be\/SKeVQ2wYh8c?si=rIsAOyx7aRXZYQl_\">https:\/\/youtu.be\/SKeVQ2wYh8c?si=rIsAOyx7aRXZYQl_<\/a><\/p>\n\n\n\n<figure class=\"wp-block-embed is-type-video is-provider-youtube wp-block-embed-youtube wp-embed-aspect-16-9 wp-has-aspect-ratio\"><div class=\"wp-block-embed__wrapper\">\n<iframe loading=\"lazy\" title=\"Entrevue - Constant Rosa &amp; Andr\u00e9 Boulet, L\u00e9gion royale canadienne #150 Bernatchez - 5 d\u00e9cembre 2025\" width=\"720\" height=\"405\" src=\"https:\/\/www.youtube.com\/embed\/SKeVQ2wYh8c?start=5&#038;feature=oembed\" frameborder=\"0\" allow=\"accelerometer; autoplay; clipboard-write; encrypted-media; gyroscope; picture-in-picture; web-share\" referrerpolicy=\"strict-origin-when-cross-origin\" allowfullscreen><\/iframe>\n<\/div><\/figure>\n\n\n\n<p>Pour savoir comment vous pouvez participer au projet, vous pouvez consulter cette page : <a href=\"https:\/\/lrc150.ca\/index.php\/projet-de-lot-et-dun-monument\/\" data-type=\"page\" data-id=\"44\">Projet de lot et d\u2019un monument<\/a><\/p>\n\n\n\n<p>Voici les r\u00e8gles qui s&#8217;appliqueront pour ce lot : <a href=\"https:\/\/lrc150.ca\/index.php\/regles-de-base-pour-le-lot\/\" data-type=\"page\" data-id=\"48\">R\u00e8gles de base pour le lot<\/a><\/p>\n","protected":false},"excerpt":{"rendered":"<p>Notre projet de monument et de lieu de s\u00e9pulture pour v\u00e9t\u00e9rans se poursuit \u00e0 la filiale 150 Bernatchez de la L\u00e9gion royale canadienne \u00e0 Montmagny. Voici ce \u00e0 quoi ressemblera le monument qui sera install\u00e9 sur le lot. Pour en savoir plus concernant la suite projet et la campagne financement \u00e0 venir, voici l&#8217;intervention de [&hellip;]<\/p>\n","protected":false},"author":1,"featured_media":0,"parent":0,"menu_order":0,"comment_status":"closed","ping_status":"closed","template":"","meta":{"footnotes":""},"class_list":["post-52","page","type-page","status-publish","hentry","post"],"_links":{"self":[{"href":"https:\/\/lrc150.ca\/index.php\/wp-json\/wp\/v2\/pages\/52","targetHints":{"allow":["GET"]}}],"collection":[{"href":"https:\/\/lrc150.ca\/index.php\/wp-json\/wp\/v2\/pages"}],"about":[{"href":"https:\/\/lrc150.ca\/index.php\/wp-json\/wp\/v2\/types\/page"}],"author":[{"embeddable":true,"href":"https:\/\/lrc150.ca\/index.php\/wp-json\/wp\/v2\/users\/1"}],"replies":[{"embeddable":true,"href":"https:\/\/lrc150.ca\/index.php\/wp-json\/wp\/v2\/comments?post=52"}],"version-history":[{"count":3,"href":"https:\/\/lrc150.ca\/index.php\/wp-json\/wp\/v2\/pages\/52\/revisions"}],"predecessor-version":[{"id":60,"href":"https:\/\/lrc150.ca\/index.php\/wp-json\/wp\/v2\/pages\/52\/revisions\/60"}],"wp:attachment":[{"href":"https:\/\/lrc150.ca\/index.php\/wp-json\/wp\/v2\/media?parent=52"}],"curies":[{"name":"wp","href":"https:\/\/api.w.org\/{rel}","templated":true}]}}