{"id":44,"date":"2025-12-07T22:46:42","date_gmt":"2025-12-07T22:46:42","guid":{"rendered":"https:\/\/lrc150.ca\/?page_id=44"},"modified":"2025-12-07T23:08:08","modified_gmt":"2025-12-07T23:08:08","slug":"projet-de-lot-et-dun-monument","status":"publish","type":"page","link":"https:\/\/lrc150.ca\/index.php\/projet-de-lot-et-dun-monument\/","title":{"rendered":"Participer au projet de lot et d&#8217;un monument"},"content":{"rendered":"\n<div class=\"wp-block-columns is-layout-flex wp-container-core-columns-is-layout-9d6595d7 wp-block-columns-is-layout-flex\">\n<div class=\"wp-block-column is-layout-flow wp-block-column-is-layout-flow\">\n<p class=\"has-text-align-center\"><strong>Objet : Projet de lot et d\u2019un monument \u00e0 la filiale 150 Bernatchez de Montmagny de la L\u00e9gion Royale canadienne<\/strong><\/p>\n\n\n\n<p>Cher futur partenaire<\/p>\n\n\n\n<p>Vous n\u2019\u00eates certainement pas sans savoir que notre organisme poursuit sans rel\u00e2che ses recours dans l\u2019assistance aux \u0153uvres de biens\u00e9ances limitrophes. Rappelons que notre filiale de Montmagny de la L\u00e9gion Royale canadienne contribue \u00e9galement \u00e0 l\u2019entraide imm\u00e9diate aux anciens combattants dans le besoin et \u00e0 leur famille, de plus elle prend part au devoir de comm\u00e9moration, la c\u00e9r\u00e9monie du jours du souvenir du 11 novembre en est un exemple \u00e9tabli.<\/p>\n\n\n\n<p>C\u2019est justement en consid\u00e9rant ce tangible aspect que nous avons entrepris \u00e0 dessein un lieu de s\u00e9pulture modeste mais digne, au cimeti\u00e8re Saint-Odilon de Montmagny pour les v\u00e9t\u00e9rans. Trop souvent plusieurs de ces derniers sont dans l\u2019incapacit\u00e9 \u00e9conomique d\u2019assumer une inhumation digne de leur affiliation. C\u2019est pourquoi que notre filiale de Montmagny a entrepris l\u2019achat d\u2019un lot au cimeti\u00e8re avec l\u2019\u00e9rection d\u2019un monument \u00e0 l\u2019image des concern\u00e9s. Nous avons estim\u00e9 les co\u00fbts de l\u2019ensemble du projet \u00e0 environ 6&nbsp;500 $, ce qui \u00e9videmment, est bien sup\u00e9rieur aux capacit\u00e9s financi\u00e8res de notre groupe. C\u2019est pourquoi nous vous invitons \u00e0 y contribuer.<\/p>\n\n\n\n<p>Il va de soi que votre caution pourra se mat\u00e9rialiser de diff\u00e9rentes fa\u00e7ons, par exemple&nbsp;: par un soutien dans les m\u00e9diums locaux; votre participation aux activit\u00e9s de financement \u00e0 venir, et bien entendu; par une contribution financi\u00e8re directe. Nous laissons le tout \u00e0 votre discr\u00e9tion et g\u00e9n\u00e9rosit\u00e9.<\/p>\n\n\n\n<p>Voici une adresse courriel sp\u00e9cifique pour ce projet soit le <a href=\"mailto:monument@legion150.ca\">monument@legion150.ca<\/a> qui facilitera nos \u00e9changes et un descriptif en annexe.<\/p>\n<\/div>\n\n\n\n<div class=\"wp-block-column is-layout-flow wp-block-column-is-layout-flow\">\n<p class=\"has-text-align-center\"><strong>Object : Proposed lot and monument at Branch 150 Bernatchez Montmagny of the Royal Canadian Legion<\/strong><\/p>\n\n\n\n<p>Dear potential partner<\/p>\n\n\n\n<p>You are surely aware that our organization tirelessly pursues its efforts to assist neighboring charitable organizations. It is worth noting that our Montmagny branch of the Royal Canadian Legion also contributes to providing immediate assistance to veterans in need and their families, and participates in commemorative activities; the Remembrance Day ceremony on November 11th is a prime example.<\/p>\n\n\n\n<p>It is precisely with this tangible aspect in mind that we deliberately undertook the creation of a modest yet dignified burial site for veterans at the Saint-Odilon Cemetery in Montmagny. Too often, many veterans are financially unable to afford a burial befitting their service. That is why our Montmagny branch has undertook the purchase a plot in the cemetery and erection of a monument in their honor. We have estimated the total cost of the project at approximately $6,500, which is obviously far beyond our group&#8217;s financial means. Therefore, we invite you to contribute.<\/p>\n\n\n\n<p>It goes without saying that your support can take many forms, for example: through local media support; your participation in upcoming fundraising activities; and, of course, through a direct financial contribution. We leave it entirely to your discretion and generosity.<\/p>\n\n\n\n<p>Here is a specific email address for this project, <a href=\"mailto:monument@legion150.ca\">monument@legion150.ca<\/a> , which will facilitate our exchanges, and a description is attached.<\/p>\n<\/div>\n<\/div>\n","protected":false},"excerpt":{"rendered":"<p>Objet : Projet de lot et d\u2019un monument \u00e0 la filiale 150 Bernatchez de Montmagny de la L\u00e9gion Royale canadienne Cher futur partenaire Vous n\u2019\u00eates certainement pas sans savoir que notre organisme poursuit sans rel\u00e2che ses recours dans l\u2019assistance aux \u0153uvres de biens\u00e9ances limitrophes. Rappelons que notre filiale de Montmagny de la L\u00e9gion Royale canadienne [&hellip;]<\/p>\n","protected":false},"author":1,"featured_media":0,"parent":0,"menu_order":0,"comment_status":"closed","ping_status":"closed","template":"","meta":{"footnotes":""},"class_list":["post-44","page","type-page","status-publish","hentry","post"],"_links":{"self":[{"href":"https:\/\/lrc150.ca\/index.php\/wp-json\/wp\/v2\/pages\/44","targetHints":{"allow":["GET"]}}],"collection":[{"href":"https:\/\/lrc150.ca\/index.php\/wp-json\/wp\/v2\/pages"}],"about":[{"href":"https:\/\/lrc150.ca\/index.php\/wp-json\/wp\/v2\/types\/page"}],"author":[{"embeddable":true,"href":"https:\/\/lrc150.ca\/index.php\/wp-json\/wp\/v2\/users\/1"}],"replies":[{"embeddable":true,"href":"https:\/\/lrc150.ca\/index.php\/wp-json\/wp\/v2\/comments?post=44"}],"version-history":[{"count":3,"href":"https:\/\/lrc150.ca\/index.php\/wp-json\/wp\/v2\/pages\/44\/revisions"}],"predecessor-version":[{"id":57,"href":"https:\/\/lrc150.ca\/index.php\/wp-json\/wp\/v2\/pages\/44\/revisions\/57"}],"wp:attachment":[{"href":"https:\/\/lrc150.ca\/index.php\/wp-json\/wp\/v2\/media?parent=44"}],"curies":[{"name":"wp","href":"https:\/\/api.w.org\/{rel}","templated":true}]}}