{"id":32,"date":"2025-09-20T02:20:05","date_gmt":"2025-09-20T02:20:05","guid":{"rendered":"http:\/\/lrc150.ca\/?page_id=32"},"modified":"2025-12-07T22:42:00","modified_gmt":"2025-12-07T22:42:00","slug":"ceremonie-du-souvenir","status":"publish","type":"page","link":"https:\/\/lrc150.ca\/index.php\/ceremonie-du-souvenir\/","title":{"rendered":"C\u00e9r\u00e9monie du souvenir"},"content":{"rendered":"<p><img loading=\"lazy\" decoding=\"async\" class=\"size-medium wp-image-33 aligncenter\" src=\"http:\/\/lrc150.ca\/wp-content\/uploads\/2025\/09\/10-nov-4b-300x192.jpg\" alt=\"\" width=\"300\" height=\"192\" srcset=\"https:\/\/lrc150.ca\/wp-content\/uploads\/2025\/09\/10-nov-4b-300x192.jpg 300w, https:\/\/lrc150.ca\/wp-content\/uploads\/2025\/09\/10-nov-4b-1024x655.jpg 1024w, https:\/\/lrc150.ca\/wp-content\/uploads\/2025\/09\/10-nov-4b-768x491.jpg 768w, https:\/\/lrc150.ca\/wp-content\/uploads\/2025\/09\/10-nov-4b-1536x982.jpg 1536w, https:\/\/lrc150.ca\/wp-content\/uploads\/2025\/09\/10-nov-4b-2048x1309.jpg 2048w\" sizes=\"auto, (max-width: 300px) 100vw, 300px\" \/><\/p>\n<p>La prochaine c\u00e9r\u00e9monie du souvenir aeu lieu le dimanche 9 novembre 2025 au c\u00e9notaphe de Montmagny. Voici des images de la c\u00e9r\u00e9monie : https:\/\/www.facebook.com\/share\/p\/1ALL27Quf5\/<\/p>\n<p>Pour la prochaine c\u00e9r\u00e9monie, revenez voir ici en septembre 2026, vous pourrez voir tous les d\u00e9tails.<\/p>\n<p>Bienvenue \u00e0 tous!<\/p>\n","protected":false},"excerpt":{"rendered":"<p>La prochaine c\u00e9r\u00e9monie du souvenir aeu lieu le dimanche 9 novembre 2025 au c\u00e9notaphe de Montmagny. Voici des images de la c\u00e9r\u00e9monie : https:\/\/www.facebook.com\/share\/p\/1ALL27Quf5\/ Pour la prochaine c\u00e9r\u00e9monie, revenez voir ici en septembre 2026, vous pourrez voir tous les d\u00e9tails. Bienvenue \u00e0 tous!<\/p>\n","protected":false},"author":1,"featured_media":0,"parent":0,"menu_order":0,"comment_status":"closed","ping_status":"closed","template":"","meta":{"footnotes":""},"class_list":["post-32","page","type-page","status-publish","hentry","post"],"_links":{"self":[{"href":"https:\/\/lrc150.ca\/index.php\/wp-json\/wp\/v2\/pages\/32","targetHints":{"allow":["GET"]}}],"collection":[{"href":"https:\/\/lrc150.ca\/index.php\/wp-json\/wp\/v2\/pages"}],"about":[{"href":"https:\/\/lrc150.ca\/index.php\/wp-json\/wp\/v2\/types\/page"}],"author":[{"embeddable":true,"href":"https:\/\/lrc150.ca\/index.php\/wp-json\/wp\/v2\/users\/1"}],"replies":[{"embeddable":true,"href":"https:\/\/lrc150.ca\/index.php\/wp-json\/wp\/v2\/comments?post=32"}],"version-history":[{"count":2,"href":"https:\/\/lrc150.ca\/index.php\/wp-json\/wp\/v2\/pages\/32\/revisions"}],"predecessor-version":[{"id":42,"href":"https:\/\/lrc150.ca\/index.php\/wp-json\/wp\/v2\/pages\/32\/revisions\/42"}],"wp:attachment":[{"href":"https:\/\/lrc150.ca\/index.php\/wp-json\/wp\/v2\/media?parent=32"}],"curies":[{"name":"wp","href":"https:\/\/api.w.org\/{rel}","templated":true}]}}