{"id":2,"date":"2025-09-17T02:03:33","date_gmt":"2025-09-17T02:03:33","guid":{"rendered":"http:\/\/lrc150.ca\/?page_id=2"},"modified":"2026-03-26T02:37:35","modified_gmt":"2026-03-26T02:37:35","slug":"sample-page","status":"publish","type":"page","link":"https:\/\/lrc150.ca\/","title":{"rendered":"Bienvenue"},"content":{"rendered":"\n<p><strong>Devenez membre gratuitement!<\/strong> En cette ann\u00e9e du centenaire de la L\u00e9gion royale canadienne, vous pouvez devenir membre gratuitement. Simplement cliquer sur le lien Devenez membre et suivre les indications. Lorsqu&#8217;il sera temps de choisir la filiale, s\u00e9lectionnez 06-150 Bernatchez.<\/p>\n\n\n\n<p>Cette page vous pr\u00e9sente notre Filiale ainsi que les diff\u00e9rentes activit\u00e9s organis\u00e9es par nos membres.<\/p>\n\n\n\n<p>Vous aimeriez en savoir plus sur l&#8217;histoire de la L\u00e9gion, voici une page pr\u00e9par\u00e9e pour vous : <a href=\"https:\/\/www.legion.ca\/notrehistoire\">https:\/\/www.legion.ca\/notrehistoire<\/a><\/p>\n\n\n\n<p>Si vous avez des questions, n&#8217;h\u00e9sitez pas \u00e0 nous contacter via le formulaire au bas de la page. <\/p>\n\n\n\n<p>Vous aimeriez devenir membre de la Filiale, cliquez sur le lien Devenir membre ci-dessus. <\/p>\n\n\n\n<p>Pour avoir des nouvelles de la filiale, visitez notre page Facebook : <a href=\"https:\/\/www.facebook.com\/profile.php?id=61551517276498\">https:\/\/www.facebook.com\/profile.php?id=61551517276498<\/a><\/p>\n\n\n\n<p><\/p>\n\n\n\n<p><strong>Nous contacter<\/strong><\/p>\n\n\n\n<div class=\"forminator-guttenberg\"><div class=\"forminator-ui forminator-custom-form forminator-custom-form-19 forminator-design--default  forminator_ajax\" data-forminator-render=\"0\" data-form=\"forminator-module-19\" data-uid=\"6a027d7b59580\"><br\/><\/div><form\n\t\t\t\tid=\"forminator-module-19\"\n\t\t\t\tclass=\"forminator-ui forminator-custom-form forminator-custom-form-19 forminator-design--default  forminator_ajax\"\n\t\t\t\tmethod=\"post\"\n\t\t\t\tdata-forminator-render=\"0\"\n\t\t\t\tdata-form-id=\"19\"\n\t\t\t\t\n\t\t\t\tdata-design=\"default\"\n\t\t\t\tdata-color-option=\"theme\"\n\t\t\t\t\n\t\t\t\t\n\t\t\t\t\n\t\t\t\tdata-grid=\"open\"\n\t\t\t\t\n\t\t\t\t\n\t\t\t\tstyle=\"display: none;\"\n\t\t\t\t\n\t\t\t\tdata-uid=\"6a027d7b59580\"\n\t\t\t><div role=\"alert\" aria-live=\"polite\" class=\"forminator-response-message forminator-error\" aria-hidden=\"true\"><\/div><div class=\"forminator-row\"><div id=\"name-1\" class=\"forminator-field-name forminator-col forminator-col-12 \"><div class=\"forminator-field\"><label for=\"forminator-field-name-1_6a027d7b59580\" id=\"forminator-field-name-1_6a027d7b59580-label\" class=\"forminator-label\">Nom <span class=\"forminator-required\">*<\/span><\/label><input type=\"text\" name=\"name-1\" value=\"\" placeholder=\"\" id=\"forminator-field-name-1_6a027d7b59580\" class=\"forminator-input forminator-name--field\" aria-required=\"true\" \/><\/div><\/div><\/div><div class=\"forminator-row\"><div id=\"email-1\" class=\"forminator-field-email forminator-col forminator-col-12 \"><div class=\"forminator-field\"><label for=\"forminator-field-email-1_6a027d7b59580\" id=\"forminator-field-email-1_6a027d7b59580-label\" class=\"forminator-label\">Courriel <span class=\"forminator-required\">*<\/span><\/label><input type=\"email\" name=\"email-1\" value=\"\" placeholder=\"\" id=\"forminator-field-email-1_6a027d7b59580\" class=\"forminator-input forminator-email--field\" data-required=\"true\" aria-required=\"true\" \/><\/div><\/div><\/div><div class=\"forminator-row\"><div id=\"phone-1\" class=\"forminator-field-phone forminator-col forminator-col-12 \"><div class=\"forminator-field\"><label for=\"forminator-field-phone-1_6a027d7b59580\" id=\"forminator-field-phone-1_6a027d7b59580-label\" class=\"forminator-label\">Num\u00e9ro de t\u00e9l\u00e9phone<\/label><input type=\"text\" name=\"phone-1\" value=\"\" placeholder=\"\" id=\"forminator-field-phone-1_6a027d7b59580\" class=\"forminator-input forminator-field--phone\" data-required=\"\" aria-required=\"false\" autocomplete=\"off\" \/><\/div><\/div><\/div><div class=\"forminator-row\"><div id=\"textarea-1\" class=\"forminator-field-textarea forminator-col forminator-col-12 \"><div class=\"forminator-field\"><label for=\"forminator-field-textarea-1_6a027d7b59580\" id=\"forminator-field-textarea-1_6a027d7b59580-label\" class=\"forminator-label\">Message<\/label><span id=\"forminator-field-textarea-1_6a027d7b59580-description\" class=\"forminator-description\"><span data-limit=\"180\" data-type=\"characters\" data-editor=\"\">0 \/ 180<\/span><\/span><textarea name=\"textarea-1\" placeholder=\"\" id=\"forminator-field-textarea-1_6a027d7b59580\" class=\"forminator-textarea\" rows=\"6\" style=\"min-height:140px;\" maxlength=\"180\" ><\/textarea><\/div><\/div><\/div><input type=\"hidden\" name=\"referer_url\" value=\"\" \/><div class=\"forminator-row forminator-row-last\"><div class=\"forminator-col\"><div class=\"forminator-field\"><button class=\"forminator-button forminator-button-submit\">Envoyer<\/button><\/div><\/div><\/div><input type=\"hidden\" id=\"forminator_nonce\" name=\"forminator_nonce\" value=\"9ba77eca15\" \/><input type=\"hidden\" name=\"_wp_http_referer\" value=\"\/index.php\/wp-json\/wp\/v2\/pages\/2\" \/><input type=\"hidden\" name=\"form_id\" value=\"19\"><input type=\"hidden\" name=\"page_id\" value=\"2\"><input type=\"hidden\" name=\"form_type\" value=\"default\"><input type=\"hidden\" name=\"current_url\" value=\"https:\/\/lrc150.ca\/\"><input type=\"hidden\" name=\"render_id\" value=\"0\"><input type=\"hidden\" name=\"action\" value=\"forminator_submit_form_custom-forms\"><\/form><\/div>\n","protected":false},"excerpt":{"rendered":"<p>Devenez membre gratuitement! En cette ann\u00e9e du centenaire de la L\u00e9gion royale canadienne, vous pouvez devenir membre gratuitement. Simplement cliquer sur le lien Devenez membre et suivre les indications. Lorsqu&#8217;il sera temps de choisir la filiale, s\u00e9lectionnez 06-150 Bernatchez. Cette page vous pr\u00e9sente notre Filiale ainsi que les diff\u00e9rentes activit\u00e9s organis\u00e9es par nos membres. Vous [&hellip;]<\/p>\n","protected":false},"author":1,"featured_media":0,"parent":0,"menu_order":0,"comment_status":"closed","ping_status":"open","template":"","meta":{"footnotes":""},"class_list":["post-2","page","type-page","status-publish","hentry","post"],"_links":{"self":[{"href":"https:\/\/lrc150.ca\/index.php\/wp-json\/wp\/v2\/pages\/2","targetHints":{"allow":["GET"]}}],"collection":[{"href":"https:\/\/lrc150.ca\/index.php\/wp-json\/wp\/v2\/pages"}],"about":[{"href":"https:\/\/lrc150.ca\/index.php\/wp-json\/wp\/v2\/types\/page"}],"author":[{"embeddable":true,"href":"https:\/\/lrc150.ca\/index.php\/wp-json\/wp\/v2\/users\/1"}],"replies":[{"embeddable":true,"href":"https:\/\/lrc150.ca\/index.php\/wp-json\/wp\/v2\/comments?post=2"}],"version-history":[{"count":7,"href":"https:\/\/lrc150.ca\/index.php\/wp-json\/wp\/v2\/pages\/2\/revisions"}],"predecessor-version":[{"id":79,"href":"https:\/\/lrc150.ca\/index.php\/wp-json\/wp\/v2\/pages\/2\/revisions\/79"}],"wp:attachment":[{"href":"https:\/\/lrc150.ca\/index.php\/wp-json\/wp\/v2\/media?parent=2"}],"curies":[{"name":"wp","href":"https:\/\/api.w.org\/{rel}","templated":true}]}}